{"id":2,"date":"2018-08-17T18:13:16","date_gmt":"2018-08-17T18:13:16","guid":{"rendered":"http:\/\/hexx9.com\/?page_id=2"},"modified":"2021-05-07T22:12:32","modified_gmt":"2021-05-07T22:12:32","slug":"sample-page","status":"publish","type":"page","link":"http:\/\/hexx9.com\/","title":{"rendered":"\u1403  \u0452\u03b5\u0194\u0194 9 Radio\u00ae  \u1403"},"content":{"rendered":"<table style=\"width: 900px;\" border=\"0\" cellspacing=\"1\" cellpadding=\"1\" align=\"center\">\n<tbody>\n<tr>\n<td valign=\"top\">\u0452\u03b5\u0194\u0194 9 Radio\u00ae : witch, fu\u253cure-necro, deth\u253cec, l\u035a\u0324\u0354\u0356\u033c\u0354\u0329ow tape, EVP, dea\u253ch trvcks\u00a0\u2366 n\u016f r\u00e5\u00e5dio \u02a1\u0b89 \u0b8a \u0452\u03b5\u0194\u0194 9 Radio\u00ae \u2366\u0b89 \u0b8a<\/p>\n<p><span style=\"font-family: inherit; font-size: inherit;\">\u00a0<\/span><\/p>\n<table class=\"widefat\" width=\"100%\">\n<tbody>\n<tr class=\"alternate author-self status-publish\" valign=\"top\">\n<td><script>\t\tjQuery(function() {setTimeout(function(){\t\t\tjQuery(\"#lbg_audio6_html5_shoutcast_2\").audio6_html5({\t\t\t\tradio_stream:\"http:\/\/cast6.citrus3.com:8604\",\t\t\t\tazuracast_api_nowplaying_url:\"\",\t\t\t\tradio_name:\"d\u25b2rkk r\u25b2ve vvI\u0167C\u0452 \u253cE\u0322\u034f\u032b\u0324\u032b\u0319\u0359\u0355\u0325\u032a\u039b\u039bple of \u06b3ad\",\t\t\t\turl_custom_metdata_file:\"\",\t\t\t\tmetadata_file_type:\"\",\t\t\t\toptional_images_path:\"\",\t\t\t\tmscp_pro_api_url:\"\",\t\t\t\tplayerWidth:355,\t\t\t\timageHeight:355,\t\t\t\tskin:\"blackControllers\",\t\t\t\tresponsive:true,\t\t\t\tgrabLastFmPhoto:true,\t\t\t\tazuracast_get_image:false,\t\t\t\tautoPlay:true,\t\t\t\tsongTitleColor:\"#ffffff\",\t\t\t\tauthorTitleColor:\"#ffffff\",\t\t\t\tlineSeparatorColor:\"#7d7d7d\",\t\t\t\tradioStationColor:\"#ffffff\",\t\t\t\tframeBehindTextColor:\"#000000\",\t\t\t\tframeBehindButtonsColor:\"#454545\",\t\t\t\tsticky:false,\t\t\t\tstartMinified:false,\t\t\t\tshowOnlyPlayButton:false,\t\t\t\tcenterPlayer:false,\t\t\t\tplayerBorderSize:0,\t\t\t\tplayerBorderColor:\"#000000\",\t\t\t\tshowFacebookBut:true,\t\t\t\tfacebookAppID:\"\",\t\t\t\tfacebookShareTitle:\"HTML5 Radio Player With History - Shoutcast and Icecast\",\t\t\t\tfacebookShareDescription:\"A top-notch responsive HTML5 Radio Player compatible with all major browsers and mobile devices.\",\t\t\t\tfacebookShareImage:\"\",\t\t\t\tshowTwitterBut:true,\t\t\t\tshowVolume:true,\t\t\t\tshowRadioStation:true,\t\t\t\tshowTitle:true,\t\t\t\tshowHistoryBut:true,\t\t\t\tshowHistory:true,\t\t\t\tshowHistoryOnInit:true,\t\t\t\ttranslateReadingData:\"reading data...\",\t\t\t\thistoryTranslate:\"HISTORY - latest played songs\",\t\t\t\thistoryTitleColor:\"#858585\",\t\t\t\thistoryBgColor:\"#ebebeb\",\t\t\t\thistoryRecordBgColor:\"transparent\",\t\t\t\thistoryRecordBottomBorderColor:\"transparent\",\t\t\t\thistoryRecordSongColor:\"#000000\",\t\t\t\thistoryRecordSongBottomBorderColor:\"#d0d0d0\",\t\t\t\thistoryRecordAuthorColor:\"#6d6d6d\",\t\t\t\tnumberOfThumbsPerScreen:3,\t\t\t\thistoryPadding:16,\t\t\t\thistoryRecordTitleLimit:25,\t\t\t\thistoryRecordAuthorLimit:36,\t\t\t\tpathToAjaxFiles:\"http:\/\/hexx9.com\/wp-content\/plugins\/lbg-audio6-html5-shoutcast_history\/audio6_html5_radio_history\/\",\t\t\t\tnowPlayingInterval:35,\t\t\t\tpreserveOriginalUpperLowerCase:false,\t\t\t\tnoImageAvailable:\"http:\/\/hexx9.com\/wp-content\/uploads\/2021\/03\/hexx9app-512x512-1-1.jpg\",\t\t\t\ticeCastFirst:false\t\t\t});}, 1000);\t\t});\t<\/script>    <div class=\"audio6_html5\">            <div id=\"lbg_audio6_html5_shoutcast_2\"><\/div>     <\/div>\t<\/td>\n<\/tr>\n<\/tbody>\n<\/table>\n<p><span style=\"font-family: inherit; font-size: inherit;\"><div id='image_slideshow_holder' style='max-width:500px'><ul id='image_slideshow' class='acx_ppt acx_ppt_0 acx_ppt_uid_hexx2' style='width:500px;overflow:hidden;'><li><img src='http:\/\/hexx9.com\/wp-content\/uploads\/2021\/03\/2e92dfff93c1b8b5642f96772bcfc4b9.jpg' title='2e92dfff93c1b8b5642f96772bcfc4b9' alt='' style='max-height:600px;width:500px;'><div class='img_prev_0 img_prev'><\/div><div class='img_next_0 img_next'><\/div><\/li><li><img src='http:\/\/hexx9.com\/wp-content\/uploads\/2021\/03\/BtfeyyNIgAESbRm.jpg' title='BtfeyyNIgAESbRm' alt='' style='max-height:600px;width:500px;'><div class='img_prev_0 img_prev'><\/div><div class='img_next_0 img_next'><\/div><\/li><li><img src='http:\/\/hexx9.com\/wp-content\/uploads\/2021\/03\/deathraav-1.jpg' title='deathraav' alt='' style='max-height:600px;width:500px;'><div class='img_prev_0 img_prev'><\/div><div class='img_next_0 img_next'><\/div><\/li><li><img src='http:\/\/hexx9.com\/wp-content\/uploads\/2021\/03\/f9069a33ff3c01d9d020f72509adb6a2.jpg' title='f9069a33ff3c01d9d020f72509adb6a2' alt='' style='max-height:600px;width:500px;'><div class='img_prev_0 img_prev'><\/div><div class='img_next_0 img_next'><\/div><\/li><li><img src='http:\/\/hexx9.com\/wp-content\/uploads\/2021\/03\/giphy-19.jpg' title='giphy-19' alt='' style='max-height:600px;width:500px;'><div class='img_prev_0 img_prev'><\/div><div class='img_next_0 img_next'><\/div><\/li><li><img src='http:\/\/hexx9.com\/wp-content\/uploads\/2021\/03\/IMG_20151206_211703.jpg' title='IMG_20151206_211703' alt='' style='max-height:600px;width:500px;'><div class='img_prev_0 img_prev'><\/div><div class='img_next_0 img_next'><\/div><\/li><li><img src='http:\/\/hexx9.com\/wp-content\/uploads\/2021\/03\/IMG_20160512_205000.jpg' title='IMG_20160512_205000' alt='' style='max-height:600px;width:500px;'><div class='img_prev_0 img_prev'><\/div><div class='img_next_0 img_next'><\/div><\/li><li><img src='http:\/\/hexx9.com\/wp-content\/uploads\/2021\/03\/necrospells-2.1-1.jpg' title='necrospells-2.1' alt='' style='max-height:600px;width:500px;'><div class='img_prev_0 img_prev'><\/div><div class='img_next_0 img_next'><\/div><\/li><li><img src='http:\/\/hexx9.com\/wp-content\/uploads\/2021\/03\/IMG_20170209_212616_123.jpg' title='IMG_20170209_212616_123' alt='' style='max-height:600px;width:500px;'><div class='img_prev_0 img_prev'><\/div><div class='img_next_0 img_next'><\/div><\/li><li><img src='http:\/\/hexx9.com\/wp-content\/uploads\/2021\/03\/IMG_20170204_180954_178-1.jpg' title='IMG_20170204_180954_178' alt='' style='max-height:600px;width:500px;'><div class='img_prev_0 img_prev'><\/div><div class='img_next_0 img_next'><\/div><\/li><li><img src='http:\/\/hexx9.com\/wp-content\/uploads\/2021\/03\/Untitled-1-1.gif' title='Untitled-1-1' alt='' style='max-height:600px;width:500px;'><div class='img_prev_0 img_prev'><\/div><div class='img_next_0 img_next'><\/div><\/li><li><img src='http:\/\/hexx9.com\/wp-content\/uploads\/2021\/03\/IMG_20160325_032426-1.jpg' title='IMG_20160325_032426' alt='' style='max-height:600px;width:500px;'><div class='img_prev_0 img_prev'><\/div><div class='img_next_0 img_next'><\/div><\/li><li><img src='http:\/\/hexx9.com\/wp-content\/uploads\/2021\/03\/IMG_20160506_222540.jpg' title='IMG_20160506_222540' alt='' style='max-height:600px;width:500px;'><div class='img_prev_0 img_prev'><\/div><div class='img_next_0 img_next'><\/div><\/li><li><img src='http:\/\/hexx9.com\/wp-content\/uploads\/2021\/03\/IMG_20160206_234409.jpg' title='IMG_20160206_234409' alt='' style='max-height:600px;width:500px;'><div class='img_prev_0 img_prev'><\/div><div class='img_next_0 img_next'><\/div><\/li><li><img src='http:\/\/hexx9.com\/wp-content\/uploads\/2021\/03\/IMG_20160302_120356.jpg' title='IMG_20160302_120356' alt='' style='max-height:600px;width:500px;'><div class='img_prev_0 img_prev'><\/div><div class='img_next_0 img_next'><\/div><\/li><li><img src='http:\/\/hexx9.com\/wp-content\/uploads\/2021\/03\/IMG_20160216_005933.jpg' title='IMG_20160216_005933' alt='' style='max-height:600px;width:500px;'><div class='img_prev_0 img_prev'><\/div><div class='img_next_0 img_next'><\/div><\/li><li><img src='http:\/\/hexx9.com\/wp-content\/uploads\/2021\/03\/IMG_20160311_194452.jpg' title='IMG_20160311_194452' alt='' style='max-height:600px;width:500px;'><div class='img_prev_0 img_prev'><\/div><div class='img_next_0 img_next'><\/div><\/li><li><img src='http:\/\/hexx9.com\/wp-content\/uploads\/2021\/03\/IMG_20160206_143126-1.jpg' title='IMG_20160206_143126' alt='' style='max-height:600px;width:500px;'><div class='img_prev_0 img_prev'><\/div><div class='img_next_0 img_next'><\/div><\/li><li><img src='http:\/\/hexx9.com\/wp-content\/uploads\/2021\/03\/32260906_463005350785354_1823261604821598208_n-1.jpg' title='32260906_463005350785354_1823261604821598208_n' alt='' style='max-height:600px;width:500px;'><div class='img_prev_0 img_prev'><\/div><div class='img_next_0 img_next'><\/div><\/li><li><img src='http:\/\/hexx9.com\/wp-content\/uploads\/2021\/03\/theeInvertedOne.jpg' title='theeInvertedOne' alt='' style='max-height:600px;width:500px;'><div class='img_prev_0 img_prev'><\/div><div class='img_next_0 img_next'><\/div><\/li><li><img src='http:\/\/hexx9.com\/wp-content\/uploads\/2021\/03\/occvltteen.jpg' title='occvltteen' alt='' style='max-height:600px;width:500px;'><div class='img_prev_0 img_prev'><\/div><div class='img_next_0 img_next'><\/div><\/li><li><img src='http:\/\/hexx9.com\/wp-content\/uploads\/2021\/03\/IMG_20160213_024544.jpg' title='IMG_20160213_024544' alt='' style='max-height:600px;width:500px;'><div class='img_prev_0 img_prev'><\/div><div class='img_next_0 img_next'><\/div><\/li><li><img src='http:\/\/hexx9.com\/wp-content\/uploads\/2021\/03\/a3769736226_10-1024x1024-1.jpg' title='a3769736226_10-1024x1024' alt='' style='max-height:600px;width:500px;'><div class='img_prev_0 img_prev'><\/div><div class='img_next_0 img_next'><\/div><\/li><li><img src='http:\/\/hexx9.com\/wp-content\/uploads\/2021\/03\/21078575_344216862688121_8863173801007598264_n.jpg' title='21078575_344216862688121_8863173801007598264_n' alt='' style='max-height:600px;width:500px;'><div class='img_prev_0 img_prev'><\/div><div class='img_next_0 img_next'><\/div><\/li><li><img src='http:\/\/hexx9.com\/wp-content\/uploads\/2021\/03\/dreamsof-a-witchhouse-1.jpg' title='dreamsof-a-witchhouse' alt='' style='max-height:600px;width:500px;'><div class='img_prev_0 img_prev'><\/div><div class='img_next_0 img_next'><\/div><\/li><li><img src='http:\/\/hexx9.com\/wp-content\/uploads\/2021\/03\/witchtapes_weekly.jpg' title='witchtapes_weekly' alt='' style='max-height:600px;width:500px;'><div class='img_prev_0 img_prev'><\/div><div class='img_next_0 img_next'><\/div><\/li><input type='hidden' id='acx_hidden_id_0' value='stop'\/><\/ul><\/div><!-- image_slideshow_holder --><\/span><\/p>\n<table class=\" aligncenter\" style=\"height: 39px; width: 371px;\" width=\"371\">\n<tbody>\n<tr>\n<td style=\"width: 361px;\">\n<p style=\"text-align: center;\">Current song: <a id=\"cc_strinfo_song_aaxiainteractive\" class=\"cc_streaminfo\" href=\"http:\/\/cast6.citrus3.com:2199\/tunein\/aaxiainteractive.pls\">Loading &#8230;<\/a><br \/>\nStream title: <span id=\"cc_strinfo_title_aaxiainteractive\" class=\"cc_streaminfo\"><\/span><br \/>\nBit rate: <span id=\"cc_strinfo_bitrate_aaxiainteractive\" class=\"cc_streaminfo\"><\/span><br \/>\nCurrent listeners: <span id=\"cc_strinfo_listeners_aaxiainteractive\" class=\"cc_streaminfo\"><\/span><br \/>\nMaximum listeners: <span id=\"cc_strinfo_maxlisteners_aaxiainteractive\" class=\"cc_streaminfo\"><\/span><br \/>\nServer status: <span id=\"cc_strinfo_server_aaxiainteractive\" class=\"cc_streaminfo\"><\/span><br \/>\nAutoDJ status: <span id=\"cc_strinfo_autodj_aaxiainteractive\" class=\"cc_streaminfo\"><\/span><br \/>\nSource connected: <span id=\"cc_strinfo_source_aaxiainteractive\" class=\"cc_streaminfo\"><\/span><br \/>\nStation time: <span id=\"cc_strinfo_date_aaxiainteractive\" class=\"cc_streaminfo\"><\/span> <span id=\"cc_strinfo_time_aaxiainteractive\" class=\"cc_streaminfo\"><\/span><br \/>\nCurrent playlist: <span id=\"cc_strinfo_playlist_aaxiainteractive\" class=\"cc_streaminfo\"><\/span> <span id=\"cc_strinfo_playlist_aaxiainteractive\" class=\"cc_streaminfo\"><\/span><\/p>\n<p><script language=\"javascript\" type=\"text\/javascript\" src=\"http:\/\/cast6.citrus3.com:2199\/system\/streaminfo.js\"><\/script><\/td>\n<\/tr>\n<\/tbody>\n<\/table>\n<p>&nbsp;<\/p>\n<p>&nbsp;<\/p>\n<p>&nbsp;<\/p>\n<p>&nbsp;<\/p>\n<p>&nbsp;<\/p>\n<h2 style=\"text-align: center;\"><\/h2>\n<h6 style=\"text-align: center;\"><\/h6>\n<p>&nbsp;<\/p>\n<p>&nbsp;<\/p>\n<p>&nbsp;<\/p>\n<p style=\"text-align: center;\">\u0452\u03b5\u0194\u0194 9 record\u03df\u00ae: \u0452\u03b5\u0194\u0194 9 Radio\u00ae, d\u25b2rkk r\u25b2ve vvI\u0167C\u0452 \u253cE\u0322\u034f\u032b\u0324\u032b\u0319\u0359\u0355\u0325\u032a\u039b\u039bple of \u06b3ad<\/p>\n<p><em><strong>Email:<\/strong> info@hexx9.com<br \/>\n<\/em><em><strong>Facebook:<\/strong>\u00a0<a href=\"https:\/\/www.facebook.com\/hexx9radio\/\">https:\/\/www.facebook.com\/hexx9radio\/<\/a><\/em><\/p>\n<p>&nbsp;<\/p>\n<hr class=\"qw-separator\" \/>\n<h6><\/h6>\n<p>&nbsp;<\/p>\n<p>&nbsp;<\/p>\n<p>&nbsp;<\/p>\n<p>&nbsp;<\/p>\n<p>&nbsp;<\/p>\n<p>&nbsp;<\/p>\n<p>&nbsp;<\/td>\n<td valign=\"top\">\n<p style=\"text-align: center;\">d\u25b2rkk r\u25b2ve vvI\u0167C\u0452 \u253cE\u0322\u034f\u032b\u0324\u032b\u0319\u0359\u0355\u0325\u032a\u039b\u039bple\u00a0of \u06b3ad<\/p>\n<p style=\"text-align: center;\"><iframe loading=\"lazy\" src=\"https:\/\/www6.cbox.ws\/box\/?boxid=821009&amp;boxtag=rKv34G\" width=\"530\" height=\"650\" frameborder=\"0\" marginwidth=\"0\" marginheight=\"0\" scrolling=\"yes\"><span data-mce-type=\"bookmark\" style=\"display: inline-block; width: 0px; overflow: hidden; line-height: 0;\" class=\"mce_SELRES_start\"><\/span><\/iframe><\/p>\n<div id='image_slideshow_holder' style='max-width:400px'><ul id='image_slideshow' class='acx_ppt acx_ppt_1 acx_ppt_uid_hexx9' style='width:400px;overflow:hidden;'><li><img src='http:\/\/hexx9.com\/wp-content\/uploads\/2021\/03\/succubus-2.jpg' title='succubus-2' alt='' style='max-height:500px;width:400px;'><div class='img_prev_1 img_prev'><\/div><div class='img_next_1 img_next'><\/div><\/li><li><img src='http:\/\/hexx9.com\/wp-content\/uploads\/2021\/03\/witchtapes_weekly.jpg' title='witchtapes_weekly' alt='' style='max-height:500px;width:400px;'><div class='img_prev_1 img_prev'><\/div><div class='img_next_1 img_next'><\/div><\/li><li><img src='http:\/\/hexx9.com\/wp-content\/uploads\/2021\/03\/plagueagent1-MARCH-15TH-on-hexx-9-radio.jpg' title='plagueagent1-MARCH-15TH-on-hexx-9-radio' alt='' style='max-height:500px;width:400px;'><div class='img_prev_1 img_prev'><\/div><div class='img_next_1 img_next'><\/div><\/li><li><img src='http:\/\/hexx9.com\/wp-content\/uploads\/2021\/03\/sabbat.jpg' title='sabbat' alt='' style='max-height:500px;width:400px;'><div class='img_prev_1 img_prev'><\/div><div class='img_next_1 img_next'><\/div><\/li><li><img src='http:\/\/hexx9.com\/wp-content\/uploads\/2021\/03\/17426168_293217021097522_5529775964250785516_n-1.jpg' title='17426168_293217021097522_5529775964250785516_n-1' alt='' style='max-height:500px;width:400px;'><div class='img_prev_1 img_prev'><\/div><div class='img_next_1 img_next'><\/div><\/li><li><img src='http:\/\/hexx9.com\/wp-content\/uploads\/2021\/03\/giphyhead1-1.gif' title='giphyhead1-1' alt='' style='max-height:500px;width:400px;'><div class='img_prev_1 img_prev'><\/div><div class='img_next_1 img_next'><\/div><\/li><li><img src='http:\/\/hexx9.com\/wp-content\/uploads\/2021\/03\/vmpyresun.jpg' title='vmpyresun' alt='' style='max-height:500px;width:400px;'><div class='img_prev_1 img_prev'><\/div><div class='img_next_1 img_next'><\/div><\/li><li><img src='http:\/\/hexx9.com\/wp-content\/uploads\/2021\/03\/sunn-o-it-took-the-night-to-5472bbe27c84b-0.jpg' title='sunn-o-it-took-the-night-to-5472bbe27c84b-0' alt='' style='max-height:500px;width:400px;'><div class='img_prev_1 img_prev'><\/div><div class='img_next_1 img_next'><\/div><\/li><li><img src='http:\/\/hexx9.com\/wp-content\/uploads\/2021\/03\/necrospells-2.1.jpg' title='necrospells-2.1' alt='' style='max-height:500px;width:400px;'><div class='img_prev_1 img_prev'><\/div><div class='img_next_1 img_next'><\/div><\/li><li><img src='http:\/\/hexx9.com\/wp-content\/uploads\/2021\/03\/necropolis-anami.gif' title='necropolis-anami' alt='' style='max-height:500px;width:400px;'><div class='img_prev_1 img_prev'><\/div><div class='img_next_1 img_next'><\/div><\/li><li><img src='http:\/\/hexx9.com\/wp-content\/uploads\/2021\/03\/scaled_512-4.jpg' title='scaled_512-4' alt='' style='max-height:500px;width:400px;'><div class='img_prev_1 img_prev'><\/div><div class='img_next_1 img_next'><\/div><\/li><li><img src='http:\/\/hexx9.com\/wp-content\/uploads\/2021\/03\/scaled_512-8.jpg' title='scaled_512-8' alt='' style='max-height:500px;width:400px;'><div class='img_prev_1 img_prev'><\/div><div class='img_next_1 img_next'><\/div><\/li><li><img src='http:\/\/hexx9.com\/wp-content\/uploads\/2021\/03\/scaled_512-9.jpg' title='scaled_512-9' alt='' style='max-height:500px;width:400px;'><div class='img_prev_1 img_prev'><\/div><div class='img_next_1 img_next'><\/div><\/li><li><img src='http:\/\/hexx9.com\/wp-content\/uploads\/2021\/03\/vmpyresun.jpg' title='vmpyresun' alt='' style='max-height:500px;width:400px;'><div class='img_prev_1 img_prev'><\/div><div class='img_next_1 img_next'><\/div><\/li><li><img src='http:\/\/hexx9.com\/wp-content\/uploads\/2021\/03\/DETHSEXX-lo-deth-rituals-deadambient.jpg' title='DETHSEXX-lo-deth-rituals-deadambient' alt='' style='max-height:500px;width:400px;'><div class='img_prev_1 img_prev'><\/div><div class='img_next_1 img_next'><\/div><\/li><li><img src='http:\/\/hexx9.com\/wp-content\/uploads\/2021\/03\/26904460_1845891325483096_987275433681184081_n.jpg' title='26904460_1845891325483096_987275433681184081_n' alt='' style='max-height:500px;width:400px;'><div class='img_prev_1 img_prev'><\/div><div class='img_next_1 img_next'><\/div><\/li><li><img src='http:\/\/hexx9.com\/wp-content\/uploads\/2021\/03\/0.jpg' title='0' alt='' style='max-height:500px;width:400px;'><div class='img_prev_1 img_prev'><\/div><div class='img_next_1 img_next'><\/div><\/li><li><img src='http:\/\/hexx9.com\/wp-content\/uploads\/2021\/03\/sabbat-1.jpg' title='sabbat (1)' alt='' style='max-height:500px;width:400px;'><div class='img_prev_1 img_prev'><\/div><div class='img_next_1 img_next'><\/div><\/li><li><img src='http:\/\/hexx9.com\/wp-content\/uploads\/2021\/03\/deathkisst-1.jpg' title='deathkisst-1' alt='' style='max-height:500px;width:400px;'><div class='img_prev_1 img_prev'><\/div><div class='img_next_1 img_next'><\/div><\/li><input type='hidden' id='acx_hidden_id_1' value='stop'\/><\/ul><\/div><!-- image_slideshow_holder -->\n<p><span style=\"font-size: 12px;\"><img loading=\"lazy\" decoding=\"async\" data-attachment-id=\"177\" data-permalink=\"http:\/\/hexx9.com\/?attachment_id=177\" data-orig-file=\"http:\/\/hexx9.com\/wp-content\/uploads\/2018\/08\/hqdefault.jpg\" data-orig-size=\"480,360\" data-comments-opened=\"0\" data-image-meta=\"{&quot;aperture&quot;:&quot;0&quot;,&quot;credit&quot;:&quot;&quot;,&quot;camera&quot;:&quot;&quot;,&quot;caption&quot;:&quot;&quot;,&quot;created_timestamp&quot;:&quot;0&quot;,&quot;copyright&quot;:&quot;&quot;,&quot;focal_length&quot;:&quot;0&quot;,&quot;iso&quot;:&quot;0&quot;,&quot;shutter_speed&quot;:&quot;0&quot;,&quot;title&quot;:&quot;&quot;,&quot;orientation&quot;:&quot;0&quot;}\" data-image-title=\"hqdefault\" data-image-description=\"\" data-image-caption=\"\" data-medium-file=\"http:\/\/hexx9.com\/wp-content\/uploads\/2018\/08\/hqdefault-300x225.jpg\" data-large-file=\"http:\/\/hexx9.com\/wp-content\/uploads\/2018\/08\/hqdefault.jpg\" class=\"alignnone size-medium wp-image-177\" src=\"http:\/\/hexx9.com\/wp-content\/uploads\/2018\/08\/hqdefault-300x225.jpg\" alt=\"\" width=\"300\" height=\"225\" srcset=\"http:\/\/hexx9.com\/wp-content\/uploads\/2018\/08\/hqdefault-300x225.jpg 300w, http:\/\/hexx9.com\/wp-content\/uploads\/2018\/08\/hqdefault.jpg 480w\" sizes=\"auto, (max-width: 300px) 100vw, 300px\" \/><\/span><\/p>\n<p><span style=\"font-size: 12px;\"><span style=\"font-size: 18px;\">\u1403 hexx 9 Radio \u00ae, d\u25b2rkk r\u25b2ve vvI\u0167C\u0452 \u253cE\u0322\u034f\u032b\u0324\u032b\u0319\u0359\u0355\u0325\u032a\u039b\u039bple of \u06b3ad \u1403<br \/>\n\u2366 n\u016f r\u00e5\u00e5dio \u02a1\u0b89 \u0b8a hexx9.com \u2366\u0b89 \u0b8a<br \/>\n<\/span><\/span><\/p>\n<nav id=\"navigation\">\n<ul id=\"menu-main\"><\/ul>\n<\/nav>\n<p><span style=\"font-size: 10px;\">\u00a0<\/span><span style=\"font-size: 12px;\">\u00a7\u039bt\u039b\u0418w\u25b2ve\u00ae wi\u0335\u033c\u253cch cvl\u253c\/\/ : G\u0323\u032bl\u035a\u0324\u0354\u0356\u033c\u0354\u0329i\u0335\u033c\u253cc\u0358\u0332\u0319\u034d\u032ah\u0321\u034e\u0326\u0359\u0329\u033bwavE\u0322\u034f\u032b\u0324\u032b\u0319\u0359\u0355\u0325\u032a and \u00a0blvvk trvvp&#8211; fm 66.6 , a hexx 9\u00ae production 2021.<\/span><\/p>\n<p><span style=\"font-size: 12px;\">p<strong>rgramming &amp; stationmixx\u00a0 by Xi amoun, textbeak, &amp; blackgrave<\/strong><\/span><\/p>\n<p><span style=\"font-size: 10px;\">SUBMISSIONS: <a href=\"mailto:info@hexx9.com\">info@hexx9.com<\/a><\/span><\/p>\n<div class=\"boxtitle\" style=\"text-align: center;\">Tune-In Links<\/div>\n<div><img decoding=\"async\" src=\"http:\/\/cast6.citrus3.com:2199\/system\/images\/tunein-pls.png\" alt=\"*\" align=\"absmiddle\" border=\"0\" \/> \u00a0Winamp, iTunes\u00a0 http:\/\/cast6.citrus3.com:2199\/tunein\/aaxiainteractive.pls<\/div>\n<div><img decoding=\"async\" src=\"http:\/\/cast6.citrus3.com:2199\/system\/images\/tunein-asx.png\" alt=\"*\" align=\"absmiddle\" border=\"0\" \/> \u00a0Windows Media Player\u00a0 http:\/\/cast6.citrus3.com:2199\/tunein\/aaxiainteractive.asx<\/div>\n<div><img decoding=\"async\" src=\"http:\/\/cast6.citrus3.com:2199\/system\/images\/tunein-ram.png\" alt=\"*\" align=\"absmiddle\" border=\"0\" \/> \u00a0Real Player\u00a0 http:\/\/cast6.citrus3.com:2199\/tunein\/aaxiainteractive.ram<\/div>\n<div><img decoding=\"async\" src=\"http:\/\/cast6.citrus3.com:2199\/system\/images\/tunein-qtl.png\" alt=\"*\" align=\"absmiddle\" border=\"0\" \/> \u00a0QuickTime\u00a0 http:\/\/cast6.citrus3.com:2199\/tunein\/aaxiainteractive.qtl<\/div>\n<div><\/div>\n<div>\n<div style=\"text-align: center;\"><a href=\"https:\/\/streema.com\/radios\/Hexx_9_Radio\">https:\/\/streema.com\/radios\/Hexx_9_Radio<\/a><\/div>\n<div style=\"text-align: center;\"><a href=\"https:\/\/tunein.com\/radio\/Hexx-9-s288874\/\">https:\/\/tunein.com\/radio\/Hexx-9-s288874\/<\/a><br \/>\n<span style=\"font-family: inherit; font-size: inherit;\"><a href=\"https:\/\/www.radionomy.com\/en\/radio\/hexx9\/index\">https:\/\/www.radionomy.com\/en\/radio\/hexx9\/index<\/a><br \/>\n<a href=\"https:\/\/www.internet-radio.com\/station\/hexx9radio\/\">https:\/\/www.internet-radio.com\/station\/hexx9radio\/<\/a><\/span><\/div>\n<div style=\"text-align: center;\"><a href=\"http:\/\/www.liveonlineradio.net\/usa\/hexx-9-radio.htm\">http:\/\/www.liveonlineradio.net\/usa\/hexx-9-radio.htm<\/a><\/div>\n<div><\/div>\n<div style=\"text-align: center;\">VISIT <a href=\"http:\/\/hexx9records.com\">HEXX 9 RECORDS<\/a><\/div>\n<div><\/div>\n<div style=\"text-align: center;\">direct stream :\u00a0 <a href=\"http:\/\/46.105.124.120:8604\/\">http:\/\/46.105.124.120:8604\/<\/a><\/div>\n<div><\/div>\n<div style=\"text-align: center;\"><span style=\"font-size: 24pt;\">CONTACT : <a href=\"mailto:INFO@HEXX9.COM\">INFO@HEXX9.COM<\/a><\/span><\/div>\n<\/div>\n<div style=\"text-align: center;\">copyright 2021 |\u00a0 site design by <a href=\"http:\/\/www.godsuperstarproductions.com\/\">andrvj graves<\/a><\/div>\n<div style=\"text-align: center;\"><\/div>\n<\/td>\n<\/tr>\n<\/tbody>\n<\/table>\n","protected":false},"excerpt":{"rendered":"<p>\u0452\u03b5\u0194\u0194 9 Radio\u00ae : witch, fu\u253cure-necro, deth\u253cec, l\u035a\u0324\u0354\u0356\u033c\u0354\u0329ow tape, EVP, dea\u253ch trvcks\u00a0\u2366 n\u016f r\u00e5\u00e5dio \u02a1\u0b89 \u0b8a \u0452\u03b5\u0194\u0194 9 Radio\u00ae \u2366\u0b89 \u0b8a \u00a0 Current song: Loading &#8230; Stream title: Bit rate: Current listeners: Maximum listeners: Server status: AutoDJ status: Source connected: Station time: Current playlist: &nbsp; &nbsp; &nbsp; &nbsp; &nbsp; &nbsp; &nbsp; &nbsp; \u0452\u03b5\u0194\u0194 9 record\u03df\u00ae: &hellip; <\/p>\n<p class=\"link-more\"><a href=\"http:\/\/hexx9.com\/\" class=\"more-link\">Continue reading<span class=\"screen-reader-text\"> &#8220;\u1403  \u0452\u03b5\u0194\u0194 9 Radio\u00ae  \u1403&#8221;<\/span><\/a><\/p>\n","protected":false},"author":1,"featured_media":0,"parent":0,"menu_order":0,"comment_status":"closed","ping_status":"open","template":"template-full.php","meta":{"spay_email":"","footnotes":""},"class_list":["post-2","page","type-page","status-publish","hentry"],"jetpack_sharing_enabled":true,"jetpack_shortlink":"https:\/\/wp.me\/PabCbD-2","jetpack-related-posts":[{"id":260,"url":"http:\/\/hexx9.com\/?page_id=260","url_meta":{"origin":2,"position":0},"title":"raadio fm66.6","date":"October 27, 2018","format":false,"excerpt":"fm666.de mvsic : dethtrap\u00ae, vaporwitch, fu\u253cure-necro, deth\u253cec, l\u035a\u0324\u0354\u0356\u033c\u0354\u0329ow tape, EVP, dea\u253ch trvcks\u00a0\u2366 n\u016f r\u00e5\u00e5dio \u02a1\u0b89 \u0b8a fm666.de \u2366\u0b89 \u0b8a now playing: Loading ... Loading ...","rel":"","context":"Similar post","img":{"alt_text":"","src":"","width":0,"height":0},"classes":[]},{"id":320,"url":"http:\/\/hexx9.com\/?attachment_id=320","url_meta":{"origin":2,"position":1},"title":"\u2020-wittchbook-666-","date":"March 2, 2021","format":false,"excerpt":"","rel":"","context":"Similar post","img":{"alt_text":"","src":"https:\/\/i0.wp.com\/hexx9.com\/wp-content\/uploads\/2021\/03\/\u2020-wittchbook-666-.jpg?resize=350%2C200","width":350,"height":200},"classes":[]},{"id":329,"url":"http:\/\/hexx9.com\/?attachment_id=329","url_meta":{"origin":2,"position":2},"title":"15356565_347637875616912_4439312050674881766_n","date":"March 2, 2021","format":false,"excerpt":"","rel":"","context":"Similar post","img":{"alt_text":"","src":"https:\/\/i0.wp.com\/hexx9.com\/wp-content\/uploads\/2021\/03\/15356565_347637875616912_4439312050674881766_n.png?resize=350%2C200","width":350,"height":200},"classes":[]},{"id":286,"url":"http:\/\/hexx9.com\/?page_id=286","url_meta":{"origin":2,"position":3},"title":"test","date":"May 20, 2019","format":false,"excerpt":"f\u042fom \u0452\u03b5\u0194\u0194 9 record\u03df\u00ae: \u0452\u03b5\u0194\u0194 9 Radio\u00ae, d\u25b2rkk r\u25b2ve vvI\u0167C\u0452 \u253cE\u0322\u034f\u032b\u0324\u032b\u0319\u0359\u0355\u0325\u032a\u039b\u039bple\u00a0of \u06b3ad \ufeff \u00a0 \u00a0 Current song: Loading ... Stream title: Bit rate: Current listeners: Server status: Station time: Current playlist: HEXX 9 PLAYER #2","rel":"","context":"Similar post","img":{"alt_text":"","src":"","width":0,"height":0},"classes":[]}],"_links":{"self":[{"href":"http:\/\/hexx9.com\/index.php?rest_route=\/wp\/v2\/pages\/2","targetHints":{"allow":["GET"]}}],"collection":[{"href":"http:\/\/hexx9.com\/index.php?rest_route=\/wp\/v2\/pages"}],"about":[{"href":"http:\/\/hexx9.com\/index.php?rest_route=\/wp\/v2\/types\/page"}],"author":[{"embeddable":true,"href":"http:\/\/hexx9.com\/index.php?rest_route=\/wp\/v2\/users\/1"}],"replies":[{"embeddable":true,"href":"http:\/\/hexx9.com\/index.php?rest_route=%2Fwp%2Fv2%2Fcomments&post=2"}],"version-history":[{"count":121,"href":"http:\/\/hexx9.com\/index.php?rest_route=\/wp\/v2\/pages\/2\/revisions"}],"predecessor-version":[{"id":481,"href":"http:\/\/hexx9.com\/index.php?rest_route=\/wp\/v2\/pages\/2\/revisions\/481"}],"wp:attachment":[{"href":"http:\/\/hexx9.com\/index.php?rest_route=%2Fwp%2Fv2%2Fmedia&parent=2"}],"curies":[{"name":"wp","href":"https:\/\/api.w.org\/{rel}","templated":true}]}}